{"id":36,"date":"2026-04-13T04:01:11","date_gmt":"2026-04-13T04:01:11","guid":{"rendered":"https:\/\/hihi-df.com\/?page_id=36"},"modified":"2026-04-13T05:21:29","modified_gmt":"2026-04-13T05:21:29","slug":"cereales-feculents","status":"publish","type":"page","link":"https:\/\/hihi-df.com\/index.php\/cereales-feculents\/","title":{"rendered":"C\u00e9r\u00e9ales &amp; F\u00e9culents"},"content":{"rendered":"","protected":false},"excerpt":{"rendered":"","protected":false},"author":1,"featured_media":0,"parent":0,"menu_order":0,"comment_status":"closed","ping_status":"closed","template":"c-r-ales-f-culents","meta":{"footnotes":""},"class_list":["post-36","page","type-page","status-publish","hentry"],"_links":{"self":[{"href":"https:\/\/hihi-df.com\/index.php\/wp-json\/wp\/v2\/pages\/36","targetHints":{"allow":["GET"]}}],"collection":[{"href":"https:\/\/hihi-df.com\/index.php\/wp-json\/wp\/v2\/pages"}],"about":[{"href":"https:\/\/hihi-df.com\/index.php\/wp-json\/wp\/v2\/types\/page"}],"author":[{"embeddable":true,"href":"https:\/\/hihi-df.com\/index.php\/wp-json\/wp\/v2\/users\/1"}],"replies":[{"embeddable":true,"href":"https:\/\/hihi-df.com\/index.php\/wp-json\/wp\/v2\/comments?post=36"}],"version-history":[{"count":1,"href":"https:\/\/hihi-df.com\/index.php\/wp-json\/wp\/v2\/pages\/36\/revisions"}],"predecessor-version":[{"id":40,"href":"https:\/\/hihi-df.com\/index.php\/wp-json\/wp\/v2\/pages\/36\/revisions\/40"}],"wp:attachment":[{"href":"https:\/\/hihi-df.com\/index.php\/wp-json\/wp\/v2\/media?parent=36"}],"curies":[{"name":"wp","href":"https:\/\/api.w.org\/{rel}","templated":true}]}}